{"id":1103,"date":"2015-07-24T10:43:03","date_gmt":"2015-07-24T10:43:03","guid":{"rendered":"http:\/\/arkahost.com\/?page_id=1103"},"modified":"2017-09-16T19:12:58","modified_gmt":"2017-09-17T00:12:58","slug":"faq","status":"publish","type":"page","link":"https:\/\/andino.host\/en\/faq\/","title":{"rendered":"FAQ"},"content":{"rendered":"<div id=\"king-354135\" class=\"wpb_row\"><div class=\"container\">\n\t<div class=\"st-accordion-four wpb_column vc_column_container wpb_column vc_column_container vc_col-sm-12\">\n\t\t<div class=\"wpb_wrapper\">\n\t\t\t<h2>Questions and Answers about Web Hosting &amp; Domains<\/h2><div  class=\"vc_toggle vc_toggle_default vc_toggle_color_green  vc_toggle_size_md\">\n\t<div class=\"vc_toggle_title\">\n\t\t<h4>Is my identity and credit\/debit card information secure?<\/h4>\t\t<i class=\"vc_toggle_icon\"><\/i><\/div>\n\t<div class=\"vc_toggle_content\">\n\t\t<p>Yeah.<br \/>\nYou can make payments in our system safely because we are certified <strong>SSL and TrustWave<\/strong>.<br \/>\nTo reinforce your security and avoid theft of your information, we recommend using a licensed antivirus on your computer so that you can carry out your online payment operations safely.<\/p>\n\t<\/div>\n<\/div>\n<div  class=\"vc_toggle vc_toggle_default vc_toggle_color_green  vc_toggle_size_md\">\n\t<div class=\"vc_toggle_title\">\n\t\t<h4>What are the payment options?<\/h4>\t\t<i class=\"vc_toggle_icon\"><\/i><\/div>\n\t<div class=\"vc_toggle_content\">\n\t\t<p>1. You can pay securely with your Credit\/Debit card through PayU.<br \/>\n2. Through Paypal.<br \/>\n3. Payment at the counter or bank transfer through Banco Scotiabank.<br \/>\n4. Payment at the window or bank transfer through Banco de Cr\u00e9dito del Per\u00fa, or at any nearby BCP agent.<\/p>\n\t<\/div>\n<\/div>\n<div  class=\"vc_toggle vc_toggle_default vc_toggle_color_green  vc_toggle_size_md\">\n\t<div class=\"vc_toggle_title\">\n\t\t<h4>Can I change my domain name?<\/h4>\t\t<i class=\"vc_toggle_icon\"><\/i><\/div>\n\t<div class=\"vc_toggle_content\">\n\t\t<p>No, our policies do not allow modification of a domain name. If you want another domain you must complete the corresponding registration and payment.<\/p>\n\t<\/div>\n<\/div>\n<div  class=\"vc_toggle vc_toggle_default vc_toggle_color_green  vc_toggle_size_md\">\n\t<div class=\"vc_toggle_title\">\n\t\t<h4>Can I renew my domain for more than 5 years?<\/h4>\t\t<i class=\"vc_toggle_icon\"><\/i><\/div>\n\t<div class=\"vc_toggle_content\">\n\t\t<p>No, you can only renew for a maximum of 5 years.<\/p>\n\t<\/div>\n<\/div>\n<div  class=\"vc_toggle vc_toggle_default vc_toggle_color_green  vc_toggle_size_md\">\n\t<div class=\"vc_toggle_title\">\n\t\t<h4>What are the Syntax Rules that the requested domain must have?<\/h4>\t\t<i class=\"vc_toggle_icon\"><\/i><\/div>\n\t<div class=\"vc_toggle_content\">\n\t\t<p>\u2022 Valid characters: letters of the English alphabet (\u201ca\u201d-\u201cz\u201d), the digits (\u201c0\u201d-\u201c9\u201d), the hyphen (\u201c-\u201c) and the characters \u201c\u00e1\u201d, \u201c\u00e9\u201d, \u201c\u00ed \u201d, \u201c\u00f3\u201d, \u201c\u00fa\u201d, \u201c\u00f1\u201d.<br \/>\n\u2022 Script (-). It cannot go to the beginning or end of the domain, nor can it be used in the third and fourth position simultaneously.<br \/>\n\u2022 Length: Minimum 1 character, maximum 63 characters<\/p>\n\t<\/div>\n<\/div>\n<div  class=\"vc_toggle vc_toggle_default vc_toggle_color_green  vc_toggle_size_md\">\n\t<div class=\"vc_toggle_title\">\n\t\t<h4>What type of restrictions exist when registering a domain?<\/h4>\t\t<i class=\"vc_toggle_icon\"><\/i><\/div>\n\t<div class=\"vc_toggle_content\">\n\t\t<p>\u2022 That the requested domain is previously registered.<br \/>\n\u2022 That the requested domain does not comply with the syntax rules.<br \/>\n\u2022 That the requested domain falls within some of the registration prohibitions.<\/p>\n\t<\/div>\n<\/div>\n<div  class=\"vc_toggle vc_toggle_default vc_toggle_color_green  vc_toggle_size_md\">\n\t<div class=\"vc_toggle_title\">\n\t\t<h4>For what reasons can an already registered domain be suspended, canceled or revoked?<\/h4>\t\t<i class=\"vc_toggle_icon\"><\/i><\/div>\n\t<div class=\"vc_toggle_content\">\n\t\t<p>Lack of renewal payment (the domain is suspended on the expiration date and is subsequently deleted after 50 days, if payment is not made).<\/p>\n\t<\/div>\n<\/div>\n<div id=\"1493246583413-3ad4f3e6-d826\" class=\"vc_toggle vc_toggle_default vc_toggle_color_green  vc_toggle_size_md\">\n\t<div class=\"vc_toggle_title\">\n\t\t<h4>Grounds for revocation or cancellation<\/h4>\t\t<i class=\"vc_toggle_icon\"><\/i><\/div>\n\t<div class=\"vc_toggle_content\">\n\t\t<p>\u2022 False information provided\/Not verifying the email.<br \/>\n\u2022 Lack of payment for maintenance or renewal of the domain.<br \/>\n\u2022 By resolution of a Dispute Resolution Center.<br \/>\n\u2022 By judicial, administrative resolution or arbitration award.<br \/>\n\u2022 At the express request of the beneficiary.<\/p>\n\t<\/div>\n<\/div>\n<div id=\"1493246786854-1b5552ab-95eb\" class=\"vc_toggle vc_toggle_default vc_toggle_color_green  vc_toggle_size_md\">\n\t<div class=\"vc_toggle_title\">\n\t\t<h4>What is the life cycle of a domain registered with andinohost?<\/h4>\t\t<i class=\"vc_toggle_icon\"><\/i><\/div>\n\t<div class=\"vc_toggle_content\">\n\t\t<p><img loading=\"lazy\" decoding=\"async\" class=\"aligncenter wp-image-2241 size-full\" src=\"https:\/\/andino.host\/wp-content\/uploads\/2015\/07\/vida-dominio-hostmate.png\" alt=\"\" width=\"1000\" height=\"337\" srcset=\"https:\/\/andino.host\/wp-content\/uploads\/2015\/07\/vida-dominio-hostmate.png 1000w, https:\/\/andino.host\/wp-content\/uploads\/2015\/07\/vida-dominio-hostmate-300x101.png 300w, https:\/\/andino.host\/wp-content\/uploads\/2015\/07\/vida-dominio-hostmate-768x259.png 768w\" sizes=\"auto, (max-width: 1000px) 100vw, 1000px\" \/><\/p>\n<p><strong>(*) Allowed:<\/strong> From the expiration date until 20 days later you can renew your domain without any surcharge.<br \/>\n<strong>(*) Restorable:<\/strong> After the 21st until the following 30 days it is possible to recover the domain with a surcharge of up to 100%.<\/p>\n\t<\/div>\n<\/div>\n<div id=\"1493247116678-23bcb231-e033\" class=\"vc_toggle vc_toggle_default vc_toggle_color_green  vc_toggle_size_md\">\n\t<div class=\"vc_toggle_title\">\n\t\t<h4>How to upload my website data to hosting?<\/h4>\t\t<i class=\"vc_toggle_icon\"><\/i><\/div>\n\t<div class=\"vc_toggle_content\">\n\t\t<p>To do this you must use an FTP client (we recommend using a freely distributed FTP client <a href=\"https:\/\/filezilla-project.org\/\" target=\"_blank\" rel=\"noopener noreferrer\">FileZilla<\/a>).<br \/>\nTo configure your FPT client you must use the access data that we provide when purchasing your web hosting.<\/p>\n\t<\/div>\n<\/div>\n<div id=\"1493247154620-bad0d3ef-8ee8\" class=\"vc_toggle vc_toggle_default vc_toggle_color_green  vc_toggle_size_md\">\n\t<div class=\"vc_toggle_title\">\n\t\t<h4>How do I change the Whois data of my domain?<\/h4>\t\t<i class=\"vc_toggle_icon\"><\/i><\/div>\n\t<div class=\"vc_toggle_content\">\n\t\t<ul>\n<li>To change WHOIS data log into your CORE account (<a href=\"https:\/\/core.andean.host\/\" target=\"_blank\" rel=\"noopener noreferrer\">https:\/\/core.andean.host\/<\/a>) select your domain and the CHANGE CONTACT DETAILS option.<\/li>\n<li>We can also do it for you, request us through a ticket to <a href=\"mailto:soporte@andean.me?subject=Cambiar%20Datos%20Whois\">support@andean.me<\/a> or through our live chat, to do this you must have your customer code on hand. Once the changes are made, they will be affected within 24 hours.<\/li>\n<\/ul>\n\t<\/div>\n<\/div>\n<div id=\"1493247236372-405a5bad-c274\" class=\"vc_toggle vc_toggle_default vc_toggle_color_green  vc_toggle_size_md\">\n\t<div class=\"vc_toggle_title\">\n\t\t<h4>How do I change the DNS data of my Domain?<\/h4>\t\t<i class=\"vc_toggle_icon\"><\/i><\/div>\n\t<div class=\"vc_toggle_content\">\n\t\t<ul>\n<li>To change DNS data log in to your CORE account (<a href=\"https:\/\/core.andean.host\/\" target=\"_blank\" rel=\"noopener noreferrer\">https:\/\/core.andean.host\/<\/a>) select your domain and the CHANGE DNS option.<\/li>\n<li>We can also do it for you, request us through a ticket to <a href=\"mailto:soporte@andean.me?subject=Cambiar%20Datos%20DNS\">support@andean.me<\/a> or through our live chat, to do this you must have your customer code on hand. Once the changes are made, they will be affected within 2 hours.<\/li>\n<\/ul>\n\t<\/div>\n<\/div>\n<div id=\"1493247299718-1e6ea92d-186f\" class=\"vc_toggle vc_toggle_default vc_toggle_color_green  vc_toggle_size_md\">\n\t<div class=\"vc_toggle_title\">\n\t\t<h4>How do I obtain the DNS data of my Hosting?<\/h4>\t\t<i class=\"vc_toggle_icon\"><\/i><\/div>\n\t<div class=\"vc_toggle_content\">\n\t\t<p>To obtain DNS data log into your CORE account (<a href=\"https:\/\/core.andean.host\/\" target=\"_blank\" rel=\"noopener noreferrer\">https:\/\/core.andean.host\/<\/a>) select your hosting plan and the DETAILS option. or request us through our live chat. To do this you must have your customer code at hand.<\/p>\n\t<\/div>\n<\/div>\n\n\t\t<\/div> \n\t<\/div> \n<div class=\"clear\"><\/div><\/div><\/div>","protected":false},"excerpt":{"rendered":"<p>Can I renew my domain for more than 5 years?<br \/>\nWhat are the Syntax Rules that the requested domain must have?<br \/>\nWhat type of restrictions exist when registering a domain?<br \/>\nFor what reasons can an already registered domain be suspended, canceled or revoked?<br \/>\nGrounds for revocation or cancellation<br \/>\nWhat is the life cycle of a domain registered with andinohost?<br \/>\nHow to upload my website data to hosting?<br \/>\nHow do I change the Whois data of my domain?<br \/>\nHow do I change the DNS data of my Domain?<br \/>\nHow do I obtain the DNS data of my Hosting?<\/p>","protected":false},"author":1,"featured_media":0,"parent":0,"menu_order":0,"comment_status":"closed","ping_status":"open","template":"","meta":{"footnotes":""},"yst_prominent_words":[907,905,901,904,897,902,110,908,913,898,914,900,906,909,899,903,911,912,896,910],"class_list":["post-1103","page","type-page","status-publish","hentry"],"yoast_head":"<!-- This site is optimized with the Yoast SEO Premium plugin v14.0.4 - https:\/\/yoast.com\/wordpress\/plugins\/seo\/ -->\n<title>FAQ &ndash; AndinoHost<\/title>\n<meta name=\"robots\" content=\"index, follow\" \/>\n<meta name=\"googlebot\" content=\"index, follow, max-snippet:-1, max-image-preview:large, max-video-preview:-1\" \/>\n<meta name=\"bingbot\" content=\"index, follow, max-snippet:-1, max-image-preview:large, max-video-preview:-1\" \/>\n<link rel=\"canonical\" href=\"https:\/\/andino.host\/en\/faq\/\" \/>\n<meta property=\"og:locale\" content=\"en_US\" \/>\n<meta property=\"og:type\" content=\"article\" \/>\n<meta property=\"og:title\" content=\"FAQ &ndash; AndinoHost\" \/>\n<meta property=\"og:description\" content=\"\u00bfPuedo renovar mi dominio por m\u00e1s de 5 a\u00f1os? \u00bfCu\u00e1les son las Normas de Sintaxis que debe tener el dominio solicitado? \u00bfQu\u00e9 tipo de restricciones existen al registro de un dominio? \u00bfPor qu\u00e9 causales se puede suspender, anular o revocar un dominio ya registrado? Causales de revocaci\u00f3n o anulaci\u00f3n \u00bfCual es el ciclo de vida de un dominio registrado en andinohost? \u00bfComo subir mis datos de pagina web al hosting? \u00bfComo cambio los datos Whois de mi dominio? \u00bfComo Cambio los datos DNS de mi Dominio? \u00bfComo Obtengo los datos DNS de mi Hosting?\" \/>\n<meta property=\"og:url\" content=\"https:\/\/andino.host\/en\/faq\/\" \/>\n<meta property=\"og:site_name\" content=\"AndinoHost\" \/>\n<meta property=\"article:publisher\" content=\"https:\/\/www.facebook.com\/andean.me\" \/>\n<meta property=\"article:modified_time\" content=\"2017-09-17T00:12:58+00:00\" \/>\n<meta property=\"og:image\" content=\"https:\/\/andino.host\/wp-content\/uploads\/2015\/07\/vida-dominio-hostmate.png\" \/>\n<meta name=\"twitter:card\" content=\"summary\" \/>\n<meta name=\"twitter:creator\" content=\"@AndeanHost\" \/>\n<meta name=\"twitter:site\" content=\"@AndeanHost\" \/>\n<script type=\"application\/ld+json\" class=\"yoast-schema-graph\">{\"@context\":\"https:\/\/schema.org\",\"@graph\":[{\"@type\":[\"Organization\",\"Place\"],\"@id\":\"https:\/\/andino.host\/en\/#organization\",\"name\":\"AndinoHost\",\"url\":\"https:\/\/andino.host\/en\/\",\"sameAs\":[\"https:\/\/www.facebook.com\/andean.me\",\"https:\/\/twitter.com\/AndeanHost\"],\"logo\":{\"@type\":\"ImageObject\",\"@id\":\"https:\/\/andino.host\/en\/#logo\",\"inLanguage\":\"en-US\",\"url\":\"https:\/\/andino.host\/wp-content\/uploads\/2019\/10\/logo-andino-host.png\",\"width\":310,\"height\":60,\"caption\":\"AndinoHost\"},\"image\":{\"@id\":\"https:\/\/andino.host\/en\/#logo\"},\"location\":{\"@id\":\"https:\/\/andino.host\/faq\/#local-place\"},\"address\":{\"@id\":\"https:\/\/andino.host\/faq\/#local-place-address\"},\"email\":\"ventas@andean.me\"},{\"@type\":\"WebSite\",\"@id\":\"https:\/\/andino.host\/en\/#website\",\"url\":\"https:\/\/andino.host\/en\/\",\"name\":\"AndinoHost\",\"description\":\"Web Hosting, Dominios, VPS, Servidores dedicados y Certificados SSL\",\"publisher\":{\"@id\":\"https:\/\/andino.host\/en\/#organization\"},\"potentialAction\":[{\"@type\":\"SearchAction\",\"target\":\"https:\/\/andino.host\/en\/?s={search_term_string}\",\"query-input\":\"required name=search_term_string\"}],\"inLanguage\":\"en-US\"},{\"@type\":\"ImageObject\",\"@id\":\"https:\/\/andino.host\/faq\/#primaryimage\",\"inLanguage\":\"en-US\",\"url\":\"https:\/\/andino.host\/wp-content\/uploads\/2015\/07\/vida-dominio-hostmate.png\",\"width\":1000,\"height\":337,\"caption\":\"ciclo de vida dominio\"},{\"@type\":\"WebPage\",\"@id\":\"https:\/\/andino.host\/faq\/#webpage\",\"url\":\"https:\/\/andino.host\/faq\/\",\"name\":\"FAQ &ndash; AndinoHost\",\"isPartOf\":{\"@id\":\"https:\/\/andino.host\/en\/#website\"},\"primaryImageOfPage\":{\"@id\":\"https:\/\/andino.host\/faq\/#primaryimage\"},\"datePublished\":\"2015-07-24T10:43:03+00:00\",\"dateModified\":\"2017-09-17T00:12:58+00:00\",\"inLanguage\":\"en-US\",\"potentialAction\":[{\"@type\":\"ReadAction\",\"target\":[\"https:\/\/andino.host\/faq\/\"]}]},{\"@type\":\"Place\",\"@id\":\"https:\/\/andino.host\/faq\/#local-place\",\"address\":{\"@type\":\"PostalAddress\",\"@id\":\"https:\/\/andino.host\/faq\/#local-place-address\",\"streetAddress\":\"Jr. Victor Cordero 829\",\"addressLocality\":\"Huaraz\",\"postalCode\":\"02001\",\"addressRegion\":\"Ancash\",\"addressCountry\":\"PE\"},\"geo\":{\"@type\":\"GeoCoordinates\",\"latitude\":\"\",\"longitude\":\"\"},\"openingHoursSpecification\":[{\"@type\":\"OpeningHoursSpecification\",\"dayOfWeek\":[\"Monday\",\"Tuesday\",\"Wednesday\",\"Thursday\",\"Friday\",\"Saturday\",\"Sunday\"],\"opens\":\"09:00\",\"closes\":\"17:00\"}]}]}<\/script>\n<meta name=\"geo.placename\" content=\"Huaraz\" \/>\n<meta name=\"geo.region\" content=\"Peru\" \/>\n<!-- \/ Yoast SEO Premium plugin. -->","_links":{"self":[{"href":"https:\/\/andino.host\/en\/wp-json\/wp\/v2\/pages\/1103","targetHints":{"allow":["GET"]}}],"collection":[{"href":"https:\/\/andino.host\/en\/wp-json\/wp\/v2\/pages"}],"about":[{"href":"https:\/\/andino.host\/en\/wp-json\/wp\/v2\/types\/page"}],"author":[{"embeddable":true,"href":"https:\/\/andino.host\/en\/wp-json\/wp\/v2\/users\/1"}],"replies":[{"embeddable":true,"href":"https:\/\/andino.host\/en\/wp-json\/wp\/v2\/comments?post=1103"}],"version-history":[{"count":0,"href":"https:\/\/andino.host\/en\/wp-json\/wp\/v2\/pages\/1103\/revisions"}],"wp:attachment":[{"href":"https:\/\/andino.host\/en\/wp-json\/wp\/v2\/media?parent=1103"}],"wp:term":[{"taxonomy":"yst_prominent_words","embeddable":true,"href":"https:\/\/andino.host\/en\/wp-json\/wp\/v2\/yst_prominent_words?post=1103"}],"curies":[{"name":"wp","href":"https:\/\/api.w.org\/{rel}","templated":true}]}}