{"id":2993,"date":"2017-09-16T20:47:52","date_gmt":"2017-09-17T01:47:52","guid":{"rendered":"https:\/\/andino.host\/?page_id=2993"},"modified":"2020-04-13T23:42:40","modified_gmt":"2020-04-14T04:42:40","slug":"ip","status":"publish","type":"page","link":"https:\/\/andino.host\/en\/ip\/","title":{"rendered":"What is my IP address?"},"content":{"rendered":"<div id=\"king-125693\" class=\"wpb_row\"><div class=\"container\">\n\t<div class=\"one_full animated eff-fadeIn delay-200ms wpb_column vc_column_container wpb_column vc_column_container vc_col-sm-12\">\n\t\t<div class=\"wpb_wrapper\">\n\t\t\t<div class=\"vc_empty_space\"\n\t  style=\"height: 46px\"><span class=\"vc_empty_space_inner\"><\/span><\/div>\n<div class=\"stcode_title12\"><h2><strong>What is my IP address?<\/strong><\/h2><\/div><div class=\"vc_empty_space\"\n\t  style=\"height: 32px\"><span class=\"vc_empty_space_inner\"><\/span><\/div>\n\n\t<div class=\"wpb_text_column wpb_content_element\" >\n\t\t<div class=\"wpb_wrapper\">\n\t\t\t<p>This page allows you to know the IP address that your internet provider has assigned to your computer and\/or device that you are using to access the Internet.<\/p>\n<p><strong>Your IP address is:<\/strong> 216.73.216.1<\/p>\n<p><strong>See location on the map:<\/strong> <a href=\"https:\/\/whatismyipaddress.com\/ip\/216.73.216.1\" target=\"_blank\" rel=\"noopener noreferrer\">CLICK HERE<\/a><\/p>\n\n\t\t<\/div>\n\t<\/div>\n<div class=\"vc_empty_space\"\n\t  style=\"height: 46px\"><span class=\"vc_empty_space_inner\"><\/span><\/div>\n\n\t\t<\/div> \n\t<\/div> \n<div class=\"clear\"><\/div><\/div><\/div>","protected":false},"excerpt":{"rendered":"<p>What&#039;s my IP address<\/p>","protected":false},"author":1,"featured_media":0,"parent":0,"menu_order":0,"comment_status":"closed","ping_status":"open","template":"templates\/page-full.php","meta":{"footnotes":""},"yst_prominent_words":[573,572,576,574,575],"class_list":["post-2993","page","type-page","status-publish","hentry"],"yoast_head":"<!-- This site is optimized with the Yoast SEO Premium plugin v14.0.4 - https:\/\/yoast.com\/wordpress\/plugins\/seo\/ -->\n<title>\u00bfCual es mi direcci\u00f3n IP? &ndash; AndinoHost<\/title>\n<meta name=\"description\" content=\"Permite ver la direcci\u00f3n IP p\u00fablica de tu conexi\u00f3n, geolocaliza tu ip en un mapa, y obt\u00e9n los datos Whois de cualquier dominio.\" \/>\n<meta name=\"robots\" content=\"index, follow\" \/>\n<meta name=\"googlebot\" content=\"index, follow, max-snippet:-1, max-image-preview:large, max-video-preview:-1\" \/>\n<meta name=\"bingbot\" content=\"index, follow, max-snippet:-1, max-image-preview:large, max-video-preview:-1\" \/>\n<link rel=\"canonical\" href=\"https:\/\/andino.host\/en\/ip\/\" \/>\n<meta property=\"og:locale\" content=\"en_US\" \/>\n<meta property=\"og:type\" content=\"article\" \/>\n<meta property=\"og:title\" content=\"\u00bfCual es mi direcci\u00f3n IP? &ndash; AndinoHost\" \/>\n<meta property=\"og:description\" content=\"Permite ver la direcci\u00f3n IP p\u00fablica de tu conexi\u00f3n, geolocaliza tu ip en un mapa, y obt\u00e9n los datos Whois de cualquier dominio.\" \/>\n<meta property=\"og:url\" content=\"https:\/\/andino.host\/en\/ip\/\" \/>\n<meta property=\"og:site_name\" content=\"AndinoHost\" \/>\n<meta property=\"article:publisher\" content=\"https:\/\/www.facebook.com\/andean.me\" \/>\n<meta property=\"article:modified_time\" content=\"2020-04-14T04:42:40+00:00\" \/>\n<meta property=\"og:image\" content=\"https:\/\/andino.host\/wp-content\/uploads\/logo_vertical-neg.jpg\" \/>\n\t<meta property=\"og:image:width\" content=\"900\" \/>\n\t<meta property=\"og:image:height\" content=\"900\" \/>\n<meta name=\"twitter:card\" content=\"summary\" \/>\n<meta name=\"twitter:creator\" content=\"@AndeanHost\" \/>\n<meta name=\"twitter:site\" content=\"@AndeanHost\" \/>\n<script type=\"application\/ld+json\" class=\"yoast-schema-graph\">{\"@context\":\"https:\/\/schema.org\",\"@graph\":[{\"@type\":[\"Organization\",\"Place\"],\"@id\":\"https:\/\/andino.host\/en\/#organization\",\"name\":\"AndinoHost\",\"url\":\"https:\/\/andino.host\/en\/\",\"sameAs\":[\"https:\/\/www.facebook.com\/andean.me\",\"https:\/\/twitter.com\/AndeanHost\"],\"logo\":{\"@type\":\"ImageObject\",\"@id\":\"https:\/\/andino.host\/en\/#logo\",\"inLanguage\":\"en-US\",\"url\":\"https:\/\/andino.host\/wp-content\/uploads\/2019\/10\/logo-andino-host.png\",\"width\":310,\"height\":60,\"caption\":\"AndinoHost\"},\"image\":{\"@id\":\"https:\/\/andino.host\/en\/#logo\"},\"location\":{\"@id\":\"https:\/\/andino.host\/ip\/#local-place\"},\"address\":{\"@id\":\"https:\/\/andino.host\/ip\/#local-place-address\"},\"email\":\"ventas@andean.me\"},{\"@type\":\"WebSite\",\"@id\":\"https:\/\/andino.host\/en\/#website\",\"url\":\"https:\/\/andino.host\/en\/\",\"name\":\"AndinoHost\",\"description\":\"Web Hosting, Dominios, VPS, Servidores dedicados y Certificados SSL\",\"publisher\":{\"@id\":\"https:\/\/andino.host\/en\/#organization\"},\"potentialAction\":[{\"@type\":\"SearchAction\",\"target\":\"https:\/\/andino.host\/en\/?s={search_term_string}\",\"query-input\":\"required name=search_term_string\"}],\"inLanguage\":\"en-US\"},{\"@type\":\"WebPage\",\"@id\":\"https:\/\/andino.host\/ip\/#webpage\",\"url\":\"https:\/\/andino.host\/ip\/\",\"name\":\"\\u00bfCual es mi direcci\\u00f3n IP? &ndash; AndinoHost\",\"isPartOf\":{\"@id\":\"https:\/\/andino.host\/en\/#website\"},\"datePublished\":\"2017-09-17T01:47:52+00:00\",\"dateModified\":\"2020-04-14T04:42:40+00:00\",\"description\":\"Permite ver la direcci\\u00f3n IP p\\u00fablica de tu conexi\\u00f3n, geolocaliza tu ip en un mapa, y obt\\u00e9n los datos Whois de cualquier dominio.\",\"inLanguage\":\"en-US\",\"potentialAction\":[{\"@type\":\"ReadAction\",\"target\":[\"https:\/\/andino.host\/ip\/\"]}]},{\"@type\":\"Place\",\"@id\":\"https:\/\/andino.host\/ip\/#local-place\",\"address\":{\"@type\":\"PostalAddress\",\"@id\":\"https:\/\/andino.host\/ip\/#local-place-address\",\"streetAddress\":\"Jr. Victor Cordero 829\",\"addressLocality\":\"Huaraz\",\"postalCode\":\"02001\",\"addressRegion\":\"Ancash\",\"addressCountry\":\"PE\"},\"geo\":{\"@type\":\"GeoCoordinates\",\"latitude\":\"\",\"longitude\":\"\"},\"openingHoursSpecification\":[{\"@type\":\"OpeningHoursSpecification\",\"dayOfWeek\":[\"Monday\",\"Tuesday\",\"Wednesday\",\"Thursday\",\"Friday\",\"Saturday\",\"Sunday\"],\"opens\":\"09:00\",\"closes\":\"17:00\"}]}]}<\/script>\n<meta name=\"geo.placename\" content=\"Huaraz\" \/>\n<meta name=\"geo.region\" content=\"Peru\" \/>\n<!-- \/ Yoast SEO Premium plugin. -->","_links":{"self":[{"href":"https:\/\/andino.host\/en\/wp-json\/wp\/v2\/pages\/2993","targetHints":{"allow":["GET"]}}],"collection":[{"href":"https:\/\/andino.host\/en\/wp-json\/wp\/v2\/pages"}],"about":[{"href":"https:\/\/andino.host\/en\/wp-json\/wp\/v2\/types\/page"}],"author":[{"embeddable":true,"href":"https:\/\/andino.host\/en\/wp-json\/wp\/v2\/users\/1"}],"replies":[{"embeddable":true,"href":"https:\/\/andino.host\/en\/wp-json\/wp\/v2\/comments?post=2993"}],"version-history":[{"count":0,"href":"https:\/\/andino.host\/en\/wp-json\/wp\/v2\/pages\/2993\/revisions"}],"wp:attachment":[{"href":"https:\/\/andino.host\/en\/wp-json\/wp\/v2\/media?parent=2993"}],"wp:term":[{"taxonomy":"yst_prominent_words","embeddable":true,"href":"https:\/\/andino.host\/en\/wp-json\/wp\/v2\/yst_prominent_words?post=2993"}],"curies":[{"name":"wp","href":"https:\/\/api.w.org\/{rel}","templated":true}]}}